{"id":88,"date":"2022-03-23T22:39:06","date_gmt":"2022-03-23T22:39:06","guid":{"rendered":"https:\/\/vilamoravintola.fi\/?page_id=88"},"modified":"2025-03-06T00:58:49","modified_gmt":"2025-03-05T21:58:49","slug":"poytavaraus","status":"publish","type":"page","link":"https:\/\/vilamoravintola.fi\/en\/poytavaraus\/","title":{"rendered":"P\u00d6YT\u00c4VARAUS"},"content":{"rendered":"<p>[et_pb_section fb_built=&#8221;1&#8243; admin_label=&#8221;Contact&#8221; _builder_version=&#8221;4.16&#8243; background_color=&#8221;rgba(0,0,0,0.03)&#8221; background_size=&#8221;initial&#8221; background_position=&#8221;top_left&#8221; custom_padding=&#8221;100px|0px|100px|0px&#8221; collapsed=&#8221;off&#8221; global_colors_info=&#8221;{}&#8221;][et_pb_row _builder_version=&#8221;4.16&#8243; background_size=&#8221;initial&#8221; background_position=&#8221;top_left&#8221; background_repeat=&#8221;repeat&#8221; custom_margin=&#8221;|||&#8221; custom_padding=&#8221;|||&#8221; global_colors_info=&#8221;{}&#8221;][et_pb_column type=&#8221;4_4&#8243; _builder_version=&#8221;4.16&#8243; background_position=&#8221;top_left&#8221; custom_padding=&#8221;|||&#8221; global_colors_info=&#8221;{}&#8221; custom_padding__hover=&#8221;|||&#8221;][et_pb_text disabled_on=&#8221;off|on|on&#8221; _builder_version=&#8221;4.27.4&#8243; _module_preset=&#8221;default&#8221; text_font=&#8221;Abel|700||on|||||&#8221; hover_enabled=&#8221;0&#8243; locked=&#8221;off&#8221; global_colors_info=&#8221;{}&#8221; sticky_enabled=&#8221;0&#8243;]<\/p>\n<div class=\"page\" title=\"Page 9\">\n<div class=\"section\">\n<div class=\"layoutArea\">\n<div class=\"column\">\n<p style=\"text-align: center;\">Varauksen yhteydess\u00e4 maksettu ennakkomaksu hyvitet\u00e4\u00e4n loppulaskussa.<\/p>\n<p style=\"text-align: center;\"><em><strong>KABBINETTI: Varauksen yhteydess\u00e4 maksettu ennakkomaksu on tila vuokra<\/strong><\/em><\/p>\n<h5 data-start=\"45\" data-end=\"64\" style=\"text-align: center;\">Peruutusehdot<\/h5>\n<p data-start=\"66\" data-end=\"91\" style=\"text-align: center;\"><strong>P\u00f6yt\u00e4varaukset: <\/strong>Peruutus on teht\u00e4v\u00e4 viimeist\u00e4\u00e4n <strong data-start=\"124\" data-end=\"137\">72 tuntia<\/strong> ennen varattua aikaa.<\/p>\n<p data-start=\"163\" data-end=\"183\" style=\"text-align: center;\"><strong>Kabinetti: <\/strong>Peruutus on teht\u00e4v\u00e4 viimeist\u00e4\u00e4n <strong data-start=\"216\" data-end=\"229\">2 viikkoa<\/strong> ennen tilaisuutta.<\/p>\n<p data-start=\"252\" data-end=\"363\" style=\"text-align: center;\">Mik\u00e4li peruutus tehd\u00e4\u00e4n ajoissa, ennakkomaksu hyvitet\u00e4\u00e4n <strong data-start=\"309\" data-end=\"326\">lahjakorttina<\/strong>, joka on voimassa <strong data-start=\"345\" data-end=\"360\">3 kuukautta<\/strong>.<\/p>\n<p data-start=\"365\" data-end=\"443\" style=\"text-align: center;\">Muissa tapauksissa ravintola pid\u00e4tt\u00e4\u00e4 ennakkomaksun <strong data-start=\"417\" data-end=\"440\">vahingonkorvauksena<\/strong>.<\/p>\n<\/div>\n<\/div>\n<\/div>\n<\/div>\n<p>[\/et_pb_text][et_pb_code _builder_version=&#8221;4.17.0&#8243; _module_preset=&#8221;default&#8221; global_colors_info=&#8221;{}&#8221;]<div class=\"latepoint-book-form-wrapper os-loading os_init_booking_form\" id=\"latepointBookForm_69e3c264d1594\" data-selected-agent=\"any\" >\n\t\t\t\t\t\t<div class=\"latepoint-w latepoint-inline-form latepoint-show-side-panel\">\n\t\t\t\t\t\t\t<div class=\"latepoint-booking-form-element\">\n\t\t\t\t\t\t\t\t<div class=\"latepoint-side-panel\"><\/div>\n\t\t\t\t\t\t\t\t<div class=\"latepoint-form-w\"><\/div>\n\t\t\t\t\t\t\t<\/div>\n\t\t\t\t\t\t<\/div>\n\t\t\t\t\t<\/div>[\/et_pb_code][et_pb_button button_url=&#8221;https:\/\/vilamoravintola.fi\/asiakas-hallintapaneeli&#8221; button_text=&#8221;Tilisi&#8221; button_alignment=&#8221;center&#8221; _builder_version=&#8221;4.17.0&#8243; _module_preset=&#8221;default&#8221; custom_button=&#8221;on&#8221; button_text_size=&#8221;15px&#8221; button_text_color=&#8221;#ffffff&#8221; button_bg_color=&#8221;#c39d63&#8243; button_border_width=&#8221;2px&#8221; button_border_color=&#8221;#c39d63&#8243; button_border_radius=&#8221;0px&#8221; button_letter_spacing=&#8221;2px&#8221; button_font=&#8221;Montserrat|||on|&#8221; button_use_icon=&#8221;off&#8221; animation_style=&#8221;zoom&#8221; animation_intensity_zoom=&#8221;20%&#8221; global_colors_info=&#8221;{}&#8221; button_letter_spacing__hover=&#8221;2px&#8221; button_letter_spacing__hover_enabled=&#8221;on&#8221;][\/et_pb_button][\/et_pb_column][\/et_pb_row][\/et_pb_section]<\/p>\n","protected":false},"excerpt":{"rendered":"<p>Varauksen yhteydess\u00e4 maksettu ennakkomaksu hyvitet\u00e4\u00e4n loppulaskussa. KABBINETTI: Varauksen yhteydess\u00e4 maksettu ennakkomaksu on tila vuokra Peruutusehdot P\u00f6yt\u00e4varaukset: Peruutus on teht\u00e4v\u00e4 viimeist\u00e4\u00e4n 72 tuntia ennen varattua aikaa. Kabinetti: Peruutus on teht\u00e4v\u00e4 viimeist\u00e4\u00e4n 2 viikkoa ennen tilaisuutta. Mik\u00e4li peruutus tehd\u00e4\u00e4n ajoissa, ennakkomaksu hyvitet\u00e4\u00e4n lahjakorttina, joka on voimassa 3 kuukautta. Muissa tapauksissa ravintola pid\u00e4tt\u00e4\u00e4 ennakkomaksun vahingonkorvauksena. <div class=\"latepoint-book-form-wrapper os-loading os_init_booking_form\" id=\"latepointBookForm_69e3c264d98ca\" data-selected-agent=\"any\" >\n\t\t\t\t\t\t<div class=\"latepoint-w latepoint-inline-form latepoint-show-side-panel\">\n\t\t\t\t\t\t\t<div class=\"latepoint-booking-form-element\">\n\t\t\t\t\t\t\t\t<div class=\"latepoint-side-panel\"><\/div>\n\t\t\t\t\t\t\t\t<div class=\"latepoint-form-w\"><\/div>\n\t\t\t\t\t\t\t<\/div>\n\t\t\t\t\t\t<\/div>\n\t\t\t\t\t<\/div><\/p>","protected":false},"author":1,"featured_media":0,"parent":0,"menu_order":0,"comment_status":"closed","ping_status":"closed","template":"","meta":{"_et_pb_use_builder":"on","_et_pb_old_content":"","_et_gb_content_width":"","footnotes":""},"class_list":["post-88","page","type-page","status-publish","hentry"],"_links":{"self":[{"href":"https:\/\/vilamoravintola.fi\/en\/wp-json\/wp\/v2\/pages\/88","targetHints":{"allow":["GET"]}}],"collection":[{"href":"https:\/\/vilamoravintola.fi\/en\/wp-json\/wp\/v2\/pages"}],"about":[{"href":"https:\/\/vilamoravintola.fi\/en\/wp-json\/wp\/v2\/types\/page"}],"author":[{"embeddable":true,"href":"https:\/\/vilamoravintola.fi\/en\/wp-json\/wp\/v2\/users\/1"}],"replies":[{"embeddable":true,"href":"https:\/\/vilamoravintola.fi\/en\/wp-json\/wp\/v2\/comments?post=88"}],"version-history":[{"count":41,"href":"https:\/\/vilamoravintola.fi\/en\/wp-json\/wp\/v2\/pages\/88\/revisions"}],"predecessor-version":[{"id":1115,"href":"https:\/\/vilamoravintola.fi\/en\/wp-json\/wp\/v2\/pages\/88\/revisions\/1115"}],"wp:attachment":[{"href":"https:\/\/vilamoravintola.fi\/en\/wp-json\/wp\/v2\/media?parent=88"}],"curies":[{"name":"wp","href":"https:\/\/api.w.org\/{rel}","templated":true}]}}